{"id":7,"date":"2017-07-31T10:23:04","date_gmt":"2017-07-31T10:23:04","guid":{"rendered":"http:\/\/www.lindyhop-greifswald.de\/?page_id=7"},"modified":"2026-04-09T20:32:58","modified_gmt":"2026-04-09T20:32:58","slug":"impressum","status":"publish","type":"page","link":"https:\/\/www.lindyhop-greifswald.de\/?page_id=7","title":{"rendered":"Impressum"},"content":{"rendered":"<p><strong>Impressum<\/strong><br \/>Angaben gem\u00e4\u00df \u00a7 5 TMG<\/p>\n<p>Matthes, Rutger<br \/>Ro\u00dfm\u00fchlenstr. 9<br \/>17489 Greifswald<\/p>\n<p><strong>Kontakt<\/strong><\/p>\n<p>Telefon: 0176.43227911<br \/>E-Mail: info (AT) lindyhop-greifswald.de<br \/>Internetadresse:\u00a0 https:\/\/www.lindyhop-greifswald.de<\/p>\n<p><strong>Verantwortlich f\u00fcr den Inhalt nach \u00a7 55 Abs. 2 RStV<\/strong><br \/>Rutger Matthes<\/p>\n<p><strong>Quellenangaben f\u00fcr die verwendeten Bilder und Grafiken<\/strong><br \/>Rutger Matthes, au\u00dferdem in Header Slideshow: #Westfeld, Stephan Busse, Maiken Albert, Linda Podavini<\/p>\n<p><strong>Datenschutz<\/strong><\/p>\n<p>F\u00fcr Alle die sich beim Newsletter angemeldet haben: Wir haben eure email-Adresse\u00a0gespeichert, um Euch \u00fcber den Newsletter Kurs-, Workshop- und Veranstaltungsmeldungen zu Lindy Hop Greifswald und Umgebung zu informieren.<br \/>Eine \u00dcbermittlung der E-Mail-Adresse an Dritte, sowie die\u00a0Nutzung der Kontaktdaten f\u00fcr andere als die oben genannten Zwecke, findet nicht statt.<br \/>Euer Einverst\u00e4ndnis und die damit verbundene\u00a0Nutzung eurer Kontaktdaten k\u00f6nnt ihr jederzeit widerrufen. Daf\u00fcr k\u00f6nnt Ihr den Link &#8222;Austragen&#8220; am Ende eines jeden gesendeten Newsletters nutzen oder eine formlose e-Mail mit Betreff \u201eMeine Mailadresse bitte l\u00f6schen\u201c an info@lindyhop-greifswald.de senden.<\/p>\n<p>Personenbezogene Daten, wie Ihr Name, Ihre Telefonnummer oder Ihre E-Mail-Adresse werden von uns nur erfasst, wenn Sie uns diese Angaben freiwillig und mit ausschlie\u00dflicher Erlaubnis zur Kontaktierung mitgeteilt haben.<\/p>\n<p>Sollten Sie Eintr\u00e4ge, z.B. in der Kommentarfunktion, bemerken, die Informationen \u00fcber Sie enthalten die nicht \u00f6ffentlich sein sollen, kontaktieren Sie uns \u00fcber e-Mail oder Telefon, damit wir die Daten umgehend l\u00f6schen k\u00f6nnen.<\/p>\n<p>Diese Seite nutzt keine Cookies oder Analyseskripte zum Auswerten von Nutzerdaten.<\/p>\n<p><strong>Haftungsausschluss<\/strong><\/p>\n<p><strong>Haftung f\u00fcr Inhalte<\/strong><br \/>Die Inhalte unserer Seiten wurden mit gr\u00f6\u00dfter Sorgfalt erstellt. F\u00fcr die Richtigkeit, Vollst\u00e4ndigkeit und Aktualit\u00e4t der Inhalte k\u00f6nnen wir jedoch keine Gew\u00e4hr \u00fcbernehmen. Als Diensteanbieter sind wir gem\u00e4\u00df \u00a7 7 Abs.1 TMG f\u00fcr eigene Inhalte auf diesen Seiten nach den allgemeinen Gesetzen verantwortlich. Nach \u00a7\u00a7 8 bis 10 TMG sind wir als Diensteanbieter jedoch nicht verpflichtet, \u00fcbermittelte oder gespeicherte fremde Informationen zu \u00fcberwachen oder nach Umst\u00e4nden zu forschen, die auf eine rechtswidrige T\u00e4tigkeit hinweisen. Verpflichtungen zur Entfernung oder Sperrung der Nutzung von Informationen nach den allgemeinen Gesetzen bleiben hiervon unber\u00fchrt. Eine diesbez\u00fcgliche Haftung ist jedoch erst ab dem Zeitpunkt der Kenntnis einer konkreten Rechtsverletzung m\u00f6glich. Bei Bekanntwerden von entsprechenden Rechtsverletzungen werden wir diese Inhalte umgehend entfernen.<\/p>\n<p><strong>Haftung f\u00fcr Links<\/strong><br \/>Unser Angebot enth\u00e4lt Links zu externen Webseiten Dritter, auf deren Inhalte wir keinen Einfluss haben. Deshalb k\u00f6nnen wir f\u00fcr diese fremden Inhalte auch keine Gew\u00e4hr \u00fcbernehmen. F\u00fcr die Inhalte der verlinkten Seiten ist stets der jeweilige Anbieter oder Betreiber der Seiten verantwortlich. Die verlinkten Seiten wurden zum Zeitpunkt der Verlinkung auf m\u00f6gliche Rechtsverst\u00f6\u00dfe \u00fcberpr\u00fcft. Rechtswidrige Inhalte waren zum Zeitpunkt der Verlinkung nicht erkennbar. Eine permanente inhaltliche Kontrolle der verlinkten Seiten ist jedoch ohne konkrete Anhaltspunkte einer Rechtsverletzung nicht zumutbar. Bei Bekanntwerden von Rechtsverletzungen werden wir derartige Links umgehend entfernen.<\/p>\n<p><strong>Urheberrecht<\/strong><br \/>Die durch die Seitenbetreiber erstellten bzw. verwendeten Inhalte und Werke auf diesen Seiten unterliegen dem deutschen Urheberrecht. Die Vervielf\u00e4ltigung, Bearbeitung, Verbreitung und jede Art der Verwertung au\u00dferhalb der Grenzen des Urheberrechtes bed\u00fcrfen der Zustimmung des jeweiligen Autors bzw. Erstellers. Downloads und Kopien dieser Seite sind nur f\u00fcr den privaten, nicht kommerziellen Gebrauch gestattet. Soweit die Inhalte auf dieser Seite nicht vom Betreiber erstellt wurden, werden die Urheberrechte Dritter beachtet. Insbesondere werden Inhalte Dritter als solche gekennzeichnet. Sollten Sie trotzdem auf eine Urheberrechtsverletzung aufmerksam werden, bitten wir um einen entsprechenden Hinweis. Bei Bekanntwerden von Rechtsverletzungen werden wir derartige Inhalte umgehend entfernen.<\/p>\n<p>Quelle (Haftungsausschluss) in Zusammenarbeit mit: http:\/\/www.ms-concept.de\/ (http:\/\/www.ms-concept.de\/)<\/p>\n\n\n<div style=\"height:43px\" aria-hidden=\"true\" class=\"wp-block-spacer\"><\/div>\n\n\n\n<hr class=\"wp-block-separator has-alpha-channel-opacity\"\/>\n\n\n\n<p><em>In eigener Sache: Tanzen ist eines meiner Hobbys, ein anderes ist die Fotografie. Wer neugierig ist Fotografien aus meiner Sammlung zu sehen oder auch Interesse hat von mir fotografiert zu werden, kann sich gern einmal auf meiner Foto-Homepage umschauen oder \u00fcber diese Seite mit mir in Kontakt treten: <\/em><a rel=\"noreferrer noopener\" href=\"https:\/\/foto.rutger-matthes.de\/\" target=\"_blank\"><em>https:\/\/foto.rutger-matthes.de<\/em><\/a><\/p>\n","protected":false},"excerpt":{"rendered":"<p>ImpressumAngaben gem\u00e4\u00df \u00a7 5 TMG Matthes, RutgerRo\u00dfm\u00fchlenstr. 917489 Greifswald Kontakt Telefon: 0176.43227911E-Mail: info (AT) lindyhop-greifswald.deInternetadresse:\u00a0 https:\/\/www.lindyhop-greifswald.de Verantwortlich f\u00fcr den Inhalt nach \u00a7 55 Abs. 2 RStVRutger Matthes Quellenangaben f\u00fcr die verwendeten Bilder und GrafikenRutger Matthes, au\u00dferdem in Header Slideshow: #Westfeld, Stephan Busse, Maiken Albert, Linda Podavini Datenschutz F\u00fcr Alle die sich beim Newsletter angemeldet haben: &hellip; <\/p>\n<p class=\"link-more\"><a href=\"https:\/\/www.lindyhop-greifswald.de\/?page_id=7\" class=\"more-link\"><span class=\"screen-reader-text\">\u201eImpressum\u201c<\/span> weiterlesen<\/a><\/p>\n","protected":false},"author":2,"featured_media":0,"parent":0,"menu_order":4,"comment_status":"closed","ping_status":"closed","template":"","meta":{"footnotes":""},"class_list":["post-7","page","type-page","status-publish","hentry"],"_links":{"self":[{"href":"https:\/\/www.lindyhop-greifswald.de\/index.php?rest_route=\/wp\/v2\/pages\/7","targetHints":{"allow":["GET"]}}],"collection":[{"href":"https:\/\/www.lindyhop-greifswald.de\/index.php?rest_route=\/wp\/v2\/pages"}],"about":[{"href":"https:\/\/www.lindyhop-greifswald.de\/index.php?rest_route=\/wp\/v2\/types\/page"}],"author":[{"embeddable":true,"href":"https:\/\/www.lindyhop-greifswald.de\/index.php?rest_route=\/wp\/v2\/users\/2"}],"replies":[{"embeddable":true,"href":"https:\/\/www.lindyhop-greifswald.de\/index.php?rest_route=%2Fwp%2Fv2%2Fcomments&post=7"}],"version-history":[{"count":16,"href":"https:\/\/www.lindyhop-greifswald.de\/index.php?rest_route=\/wp\/v2\/pages\/7\/revisions"}],"predecessor-version":[{"id":764,"href":"https:\/\/www.lindyhop-greifswald.de\/index.php?rest_route=\/wp\/v2\/pages\/7\/revisions\/764"}],"wp:attachment":[{"href":"https:\/\/www.lindyhop-greifswald.de\/index.php?rest_route=%2Fwp%2Fv2%2Fmedia&parent=7"}],"curies":[{"name":"wp","href":"https:\/\/api.w.org\/{rel}","templated":true}]}}